{"id":5421,"date":"2022-02-27T19:09:29","date_gmt":"2022-02-27T18:09:29","guid":{"rendered":"https:\/\/porezno-savjetovanje.tax\/porezno-savjetovanje-porezno-savjetnistvo-dujmovic\/"},"modified":"2025-11-20T22:20:10","modified_gmt":"2025-11-20T21:20:10","slug":"porezno-savjetovanje-porezno-savjetnistvo-dujmovic","status":"publish","type":"page","link":"https:\/\/porezno-savjetovanje.tax\/it\/","title":{"rendered":"Home"},"content":{"rendered":"<div class=\"wpb-content-wrapper\"><p>[vc_row css=&#8221;.vc_custom_1576904441679{padding-top: 0px !important;padding-bottom: 0px !important;}&#8221;][vc_column]\n\t\t\t<!-- START ITA REVOLUTION SLIDER 6.3.5 --><p class=\"rs-p-wp-fix\"><\/p>\n\t\t\t<rs-module-wrap id=\"rev_slider_14_1_wrapper\" data-source=\"gallery\" style=\"background:transparent;padding:0;margin:0px auto;margin-top:0;margin-bottom:0;\">\n\t\t\t\t<rs-module id=\"rev_slider_14_1\" style=\"\" data-version=\"6.3.5\">\n\t\t\t\t\t<rs-slides>\n\t\t\t\t\t\t<rs-slide data-key=\"rs-18\" data-title=\"Slide\" data-anim=\"ei:d;eo:d;s:1000;r:0;t:fade;sl:0;\">\n\t\t\t\t\t\t\t<img decoding=\"async\" src=\"\/\/porezno-savjetovanje.tax\/wp-content\/plugins\/revslider\/public\/assets\/assets\/transparent.png\" alt=\"Slide\" title=\"Home\" data-bg=\"c:#ffffff;\" class=\"rev-slidebg\" data-no-retina>\n<!--\n\t\t\t\t\t\t\t--><rs-layer\n\t\t\t\t\t\t\t\tid=\"slider-14-slide-18-layer-0\" \n\t\t\t\t\t\t\t\tdata-type=\"image\"\n\t\t\t\t\t\t\t\tdata-rsp_ch=\"on\"\n\t\t\t\t\t\t\t\tdata-xy=\"xo:24px,24px,24px,31px;yo:-8px,-8px,-8px,-26px;\"\n\t\t\t\t\t\t\t\tdata-text=\"w:normal;s:20,20,20,5;l:0,0,0,7;\"\n\t\t\t\t\t\t\t\tdata-dim=\"w:835px,835px,835px,440px;h:900px,900px,900px,474px;\"\n\t\t\t\t\t\t\t\tdata-frame_0=\"x:left;\"\n\t\t\t\t\t\t\t\tdata-frame_1=\"st:830;sp:1000;sR:830;\"\n\t\t\t\t\t\t\t\tdata-frame_999=\"o:0;st:w;sR:7170;\"\n\t\t\t\t\t\t\t\tstyle=\"z-index:8;\"\n\t\t\t\t\t\t\t><img loading=\"lazy\" decoding=\"async\" src=\"\/\/porezno-savjetovanje.tax\/wp-content\/uploads\/2021\/02\/bck-2.png\" alt=\"Porezno savjetovanje\" width=\"835\" height=\"900\" data-no-retina> \n\t\t\t\t\t\t\t<\/rs-layer><!--\n\n\t\t\t\t\t\t\t--><rs-layer\n\t\t\t\t\t\t\t\tid=\"slider-14-slide-18-layer-1\" \n\t\t\t\t\t\t\t\tdata-type=\"image\"\n\t\t\t\t\t\t\t\tdata-rsp_ch=\"on\"\n\t\t\t\t\t\t\t\tdata-xy=\"xo:0,0,0,-2px;yo:-8px,-8px,-8px,-18px;\"\n\t\t\t\t\t\t\t\tdata-text=\"w:normal;s:20,20,20,5;l:0,0,0,7;\"\n\t\t\t\t\t\t\t\tdata-dim=\"w:811px,811px,811px,420px;h:900px,900px,900px,466px;\"\n\t\t\t\t\t\t\t\tdata-frame_0=\"x:left;\"\n\t\t\t\t\t\t\t\tdata-frame_1=\"sp:1500;\"\n\t\t\t\t\t\t\t\tdata-frame_999=\"o:0;st:w;sR:7500;\"\n\t\t\t\t\t\t\t\tstyle=\"z-index:9;\"\n\t\t\t\t\t\t\t><img loading=\"lazy\" decoding=\"async\" src=\"\/\/porezno-savjetovanje.tax\/wp-content\/uploads\/2022\/11\/porezno-savjetovanje.webp\" alt=\"Porezno savjetni\u0161tvo Dujmovi\u0107 d.o.o. - Porezno savjetovanje - Rijeka\" width=\"811\" height=\"900\" data-no-retina> \n\t\t\t\t\t\t\t<\/rs-layer><!--\n\n\t\t\t\t\t\t\t--><h1\n\t\t\t\t\t\t\t\tid=\"slider-14-slide-18-layer-3\" \n\t\t\t\t\t\t\t\tclass=\"rs-layer\"\n\t\t\t\t\t\t\t\tdata-type=\"text\"\n\t\t\t\t\t\t\t\tdata-color=\"#3f0920\"\n\t\t\t\t\t\t\t\tdata-rsp_ch=\"on\"\n\t\t\t\t\t\t\t\tdata-xy=\"x:c;xo:301px,301px,301px,-13px;y:m;yo:-174px,-174px,-174px,119px;\"\n\t\t\t\t\t\t\t\tdata-text=\"w:normal;s:20,20,20,21;l:25,25,25,29;\"\n\t\t\t\t\t\t\t\tdata-frame_0=\"x:0,0,0,0px;y:50,50,50,58px;\"\n\t\t\t\t\t\t\t\tdata-frame_1=\"x:0,0,0,0px;y:0,0,0,0px;st:1080;sp:1000;sR:1080;\"\n\t\t\t\t\t\t\t\tdata-frame_999=\"o:0;st:w;sR:6920;\"\n\t\t\t\t\t\t\t\tstyle=\"z-index:11;font-family:Noto Sans;\"\n\t\t\t\t\t\t\t>Consulenza fiscale Dujmovi\u0107 \n\t\t\t\t\t\t\t<\/h1><!--\n\n\t\t\t\t\t\t\t--><p\n\t\t\t\t\t\t\t\tid=\"slider-14-slide-18-layer-4\" \n\t\t\t\t\t\t\t\tclass=\"rs-layer\"\n\t\t\t\t\t\t\t\tdata-type=\"text\"\n\t\t\t\t\t\t\t\tdata-color=\"#7d2b4f\"\n\t\t\t\t\t\t\t\tdata-rsp_ch=\"on\"\n\t\t\t\t\t\t\t\tdata-xy=\"xo:949px,949px,949px,63px;yo:258px,258px,258px,509px;\"\n\t\t\t\t\t\t\t\tdata-text=\"w:normal;s:55,55,55,29;l:65,65,65,34;fw:700;\"\n\t\t\t\t\t\t\t\tdata-frame_0=\"x:0,0,0,0px;y:50,50,50,25px;\"\n\t\t\t\t\t\t\t\tdata-frame_1=\"x:0,0,0,0px;y:0,0,0,0px;st:1550;sp:1000;sR:1550;\"\n\t\t\t\t\t\t\t\tdata-frame_999=\"o:0;st:w;sR:6450;\"\n\t\t\t\t\t\t\t\tstyle=\"z-index:12;font-family:Poppins;\"\n\t\t\t\t\t\t\t>\u2022  Conoscenza<br \/>\n\u2022  Esperienza<br \/>\n\u2022  Fiducia \n\t\t\t\t\t\t\t<\/p><!--\n\n\t\t\t\t\t\t\t--><h3\n\t\t\t\t\t\t\t\tid=\"slider-14-slide-18-layer-6\" \n\t\t\t\t\t\t\t\tclass=\"rs-layer\"\n\t\t\t\t\t\t\t\tdata-type=\"text\"\n\t\t\t\t\t\t\t\tdata-color=\"#3f0920\"\n\t\t\t\t\t\t\t\tdata-rsp_ch=\"on\"\n\t\t\t\t\t\t\t\tdata-xy=\"xo:952px,952px,952px,37px;yo:485px,485px,485px,629px;\"\n\t\t\t\t\t\t\t\tdata-text=\"w:normal;s:16,16,16,15;l:25,25,25,27;fw:500;\"\n\t\t\t\t\t\t\t\tdata-dim=\"w:auto,auto,auto,421px;\"\n\t\t\t\t\t\t\t\tdata-frame_0=\"x:0,0,0,0px;y:50,50,50,54px;\"\n\t\t\t\t\t\t\t\tdata-frame_1=\"x:0,0,0,0px;y:0,0,0,0px;st:1850;sp:1000;sR:1850;\"\n\t\t\t\t\t\t\t\tdata-frame_999=\"o:0;st:w;sR:6150;\"\n\t\t\t\t\t\t\t\tstyle=\"z-index:13;font-family:Poppins;\"\n\t\t\t\t\t\t\t>Consulenza fiscale Dujmovi\u0107 d.o.o. di Rijeka \u00e8 una societ\u00e0 di <br \/>\nconsulenza fiscale e aziendale che opera in tutta la Repubblica di Croazia. \n\t\t\t\t\t\t\t<\/h3><!--\n-->\t\t\t\t\t\t<\/rs-slide>\n\t\t\t\t\t<\/rs-slides>\n\t\t\t\t<\/rs-module>\n\t\t\t\t<script type=\"text\/javascript\">\n\t\t\t\t\tsetREVStartSize({c: 'rev_slider_14_1',rl:[1240,1240,1240,480],el:[800,800,800,720],gw:[1600,1600,1600,480],gh:[800,800,800,720],type:'hero',justify:'',layout:'fullwidth',mh:\"0\"});\n\t\t\t\t\tvar\trevapi14,\n\t\t\t\t\t\ttpj;\n\t\t\t\t\tfunction revinit_revslider141() {\n\t\t\t\t\tjQuery(function() {\n\t\t\t\t\t\ttpj = jQuery;\n\t\t\t\t\t\trevapi14 = tpj(\"#rev_slider_14_1\");\n\t\t\t\t\t\tif(revapi14==undefined || revapi14.revolution == undefined){\n\t\t\t\t\t\t\trevslider_showDoubleJqueryError(\"rev_slider_14_1\");\n\t\t\t\t\t\t}else{\n\t\t\t\t\t\t\trevapi14.revolution({\n\t\t\t\t\t\t\t\tsliderType:\"hero\",\n\t\t\t\t\t\t\t\tsliderLayout:\"fullwidth\",\n\t\t\t\t\t\t\t\tvisibilityLevels:\"1240,1240,1240,480\",\n\t\t\t\t\t\t\t\tgridwidth:\"1600,1600,1600,480\",\n\t\t\t\t\t\t\t\tgridheight:\"800,800,800,720\",\n\t\t\t\t\t\t\t\tspinner:\"spinner0\",\n\t\t\t\t\t\t\t\tperspective:600,\n\t\t\t\t\t\t\t\tperspectiveType:\"local\",\n\t\t\t\t\t\t\t\teditorheight:\"800,768,960,720\",\n\t\t\t\t\t\t\t\tresponsiveLevels:\"1240,1240,1240,480\",\n\t\t\t\t\t\t\t\tprogressBar:{disableProgressBar:true},\n\t\t\t\t\t\t\t\tnavigation: {\n\t\t\t\t\t\t\t\t\tonHoverStop:false\n\t\t\t\t\t\t\t\t},\n\t\t\t\t\t\t\t\tfallbacks: {\n\t\t\t\t\t\t\t\t\tallowHTML5AutoPlayOnAndroid:true\n\t\t\t\t\t\t\t\t},\n\t\t\t\t\t\t\t});\n\t\t\t\t\t\t}\n\t\t\t\t\t\t\n\t\t\t\t\t});\n\t\t\t\t\t} \/\/ End of RevInitScript\n\t\t\t\tvar once_revslider141 = false;\n\t\t\t\tif (document.readyState === \"loading\") {document.addEventListener('readystatechange',function() { if((document.readyState === \"interactive\" || document.readyState === \"complete\") && !once_revslider141 ) { once_revslider141 = true; revinit_revslider141();}});} else {once_revslider141 = true; revinit_revslider141();}\n\t\t\t\t<\/script>\n\t\t\t<\/rs-module-wrap>\n\t\t\t<!-- END REVOLUTION SLIDER -->\n[\/vc_column][\/vc_row][vc_row css=&#8221;.vc_custom_1715779339250{padding-bottom: 40px !important;}&#8221;][vc_column][vc_row_inner css=&#8221;.vc_custom_1613342352600{margin-top: 40px !important;}&#8221;][vc_column_inner el_class=&#8221;mb-lg-0 mb-5&#8243; offset=&#8221;vc_col-lg-6 vc_col-md-6&#8243;]<div class=\"title-box  text-left \"><span class=\"title-design\">porezno-savjetovanje.tax<\/span><h2 class=\"title\">Chi siamo<\/h2><\/div>[vc_column_text]<\/p>\n<p class=\"mt-0\">La consulenza fiscale \u00e8 un&#8217;attivit\u00e0 che, in accordo con il sistema giuridico, economico, tributario e contabile della Repubblica di Croazia, assicura la corretta applicazione della normativa fiscale in modo affidabile.<\/p>\n<p>[\/vc_column_text]\n\t<div class=\"d-block text-left mt-2 \">\n\t\t\t<a class=\"button button-icon\" href=\"https:\/\/porezno-savjetovanje.tax\/it\/chi-siamo\/\">\n\t\t\t\t<span class=\"btn-effect\"> Di pi\u00f9 su di noi<\/span>\n\t\t    <\/a>\n\t<\/div>[\/vc_column_inner][vc_column_inner offset=&#8221;vc_col-lg-6 vc_col-md-6&#8243;][vc_column_text]Il consulente fiscale \u00e8 autorizzato a:[\/vc_column_text]\r\n\t<div class=\"text-left mb-5 \">\r\n\t\t<ul class=\"iq-list\">\r\n\t        <li>\r\n\t            <i class=\"far fa-check-square\"><\/i>\r\n\t\t            <span style=\"color: #000000\">Dare consigli e opinioni su tutte le questioni fiscali<\/span>        \r\n\t        <\/li>\r\n\t        <li>\r\n\t            <i class=\"far fa-check-square\"><\/i>\r\n\t\t            <span style=\"color: #000000\">Rappresentare la parte nei procedimenti tributari dinanzi alle autorit\u00e0 fiscali<\/span>        \r\n\t        <\/li>\r\n\t        <li>\r\n\t            <i class=\"far fa-check-square\"><\/i>\r\n\t\t            <span style=\"color: #000000\">Effettuare la pianificazione fiscale a favore del suo cliente secondo le disposizioni di legge applicabili, utilizzando risparmi e agevolazioni fiscali<\/span>        \r\n\t        <\/li>\r\n\t\t<\/ul>\r\n\t<\/div>[\/vc_column_inner][\/vc_row_inner][\/vc_column][\/vc_row][vc_row full_width=&#8221;stretch_row&#8221; parallax=&#8221;content-moving&#8221; parallax_image=&#8221;5511&#8243; disable_element=&#8221;yes&#8221; el_class=&#8221;service-bg effect-banner&#8221;][vc_column][vc_row_inner][vc_column_inner offset=&#8221;vc_col-lg-offset-3 vc_col-lg-6 vc_col-md-12&#8243;]<div class=\"title-box  text-center \"><span class=\"title-design\">Usluge<\/span><h3 class=\"title\">Il nostro obiettivo \u00e8 fornire valore ai nostri clienti con servizi di alta qualit\u00e0<\/h3><\/div>[\/vc_column_inner][\/vc_row_inner][vc_row_inner disable_element=&#8221;yes&#8221;][vc_column_inner width=&#8221;1\/2&#8243; offset=&#8221;vc_col-lg-4 vc_col-md-4&#8243;][\/vc_column_inner][vc_column_inner el_class=&#8221;mt-5 mt-lg-0 mt-xl-0&#8243; width=&#8221;1\/2&#8243; offset=&#8221;vc_col-lg-4 vc_col-md-4&#8243;][\/vc_column_inner][vc_column_inner el_class=&#8221;mt-5 mt-lg-0 mt-xl-0&#8243; width=&#8221;1\/2&#8243; offset=&#8221;vc_col-lg-4 vc_col-md-4&#8243;][\/vc_column_inner][\/vc_row_inner][vc_row_inner disable_element=&#8221;yes&#8221;][vc_column_inner el_class=&#8221;mt-5&#8243; width=&#8221;1\/2&#8243; offset=&#8221;vc_col-lg-4 vc_col-md-4&#8243;][\/vc_column_inner][vc_column_inner el_class=&#8221;mt-5&#8243; width=&#8221;1\/2&#8243; offset=&#8221;vc_col-lg-4 vc_col-md-4&#8243;][\/vc_column_inner][vc_column_inner el_class=&#8221;mt-5&#8243; width=&#8221;1\/2&#8243; offset=&#8221;vc_col-lg-4 vc_col-md-4&#8243;][\/vc_column_inner][\/vc_row_inner][\/vc_column][\/vc_row][vc_row disable_element=&#8221;yes&#8221;][vc_column]<div class=\"title-box  text-left \"><span class=\"title-design\">Za\u0161to izabrati Porezno savjetni\u0161tvo Dujmovi\u0107 d.o.o.<\/span><h2 class=\"title\">PERCH\u00c9 IL VOSTRO SUCCESSO \u00c8 IL NOSTRO SUCCESSO!<\/h2><\/div>[vc_row_inner equal_height=&#8221;yes&#8221; disable_element=&#8221;yes&#8221;][vc_column_inner el_class=&#8221;pr-lg-3&#8243; offset=&#8221;vc_col-lg-6 vc_col-md-6&#8243;]\n\t    <div class=\"iq-accordion  \">\n\t\t    <div class=\"careers-faq iq-ad-block \">\n\t\t\t    <div class=\"active-faq clearfix\">\n\t\t\t        <div class=\"container\">\n\t\t\t\t        <div class=\"row align-items-center\">\n\t\t\t\t\t        <div class=\"col-md-12 col-sm-12 \"><a href=\"javascript:void(0)\" class=\"ad-title\"><span>AFFIDABILE<\/span><\/a>\n\t\t\t\t\t        <\/div>\n\t\t\t\t        <\/div>\n\t\t\t\t    <\/div>\n\t\t\t    <\/div>\n\t\t\t    <div class=\"ad-details \">\n\t\t\t\t\t<p>Siamo qualificati ed esperti in vari aspetti della tassazione nella Repubblica di Croazia. I servizi fiscali che offriamo sono completi e coprono un'ampia gamma di situazioni aziendali e personali con l'uso di tutte le opzioni di pianificazione fiscale disponibili per fornirti la consulenza fiscale pi\u00f9 completa.\n<\/p>\n\t\t\t\t<\/div>\n\t\t\t<\/div>\n\t\t    <div class=\"careers-faq iq-ad-block \">\n\t\t\t    <div class=\"active-faq clearfix\">\n\t\t\t        <div class=\"container\">\n\t\t\t\t        <div class=\"row align-items-center\">\n\t\t\t\t\t        <div class=\"col-md-12 col-sm-12 \"><a href=\"javascript:void(0)\" class=\"ad-title\"><span>RISERVATO<\/span><\/a>\n\t\t\t\t\t        <\/div>\n\t\t\t\t        <\/div>\n\t\t\t\t    <\/div>\n\t\t\t    <\/div>\n\t\t\t    <div class=\"ad-details \">\n\t\t\t\t\t<p>La fiducia dei nostri clienti \u00e8 la base pi\u00f9 importante della nostra collaborazione e allo stesso tempo il principale garante del successo. Il consulente fiscale \u00e8 tenuto a mantenere segreto tutto ci\u00f2 che ha appreso in via confidenziale dal cliente a cui presta i suoi servizi mentre presta assistenza o svolge il suo lavoro.\n<\/p>\n\t\t\t\t<\/div>\n\t\t\t<\/div>\n\t\t    <div class=\"careers-faq iq-ad-block \">\n\t\t\t    <div class=\"active-faq clearfix\">\n\t\t\t        <div class=\"container\">\n\t\t\t\t        <div class=\"row align-items-center\">\n\t\t\t\t\t        <div class=\"col-md-12 col-sm-12 \"><a href=\"javascript:void(0)\" class=\"ad-title\"><span>PROFESSIONALE<\/span><\/a>\n\t\t\t\t\t        <\/div>\n\t\t\t\t        <\/div>\n\t\t\t\t    <\/div>\n\t\t\t    <\/div>\n\t\t\t    <div class=\"ad-details \">\n\t\t\t\t\t<p>Il Consiglio tributario professionale aiuta sempre in vari modi: alleggerendo gli oneri amministrativi, alleggerendo e gestendo con professionalit\u00e0 gli oneri fiscali, garantendo il pieno rispetto della legge e aumentando il flusso di cassa in termini di risparmio fiscale e sanzioni evitate.<\/p>\n\t\t\t\t<\/div>\n\t\t\t<\/div>\n\t<\/div>[\/vc_column_inner][vc_column_inner el_class=&#8221;pl-lg-3&#8243; css=&#8221;.vc_custom_1668897742724{background-image: url(https:\/\/porezno-savjetovanje.tax\/wp-content\/uploads\/2022\/11\/porezno-savjetovanje-02.webp?id=5515) !important;background-position: center !important;background-repeat: no-repeat !important;background-size: cover !important;}&#8221; offset=&#8221;vc_col-lg-6 vc_col-md-6&#8243;]\n\t<div class=\"youtube-video  \">\n\t\t<div class=\"consult-video video-btn\">\n\t\t\t<div class=\"btn-waves\">\n\t\t\t\t<div class=\"waves wave-1\"><\/div>\n\t\t\t\t<div class=\"waves wave-2\"><\/div>\n\t\t\t\t<div class=\"waves wave-3\"><\/div>\n\t\t\t<\/div>\n\t\t\t<a href=\"\" class=\"iq-video popup-youtube\">\n\t\t\t\t<i class=\"fa fa-play\"><\/i>\n\t\t    <\/a>\n\t\t<\/div>\n\t<\/div>[\/vc_column_inner][\/vc_row_inner][\/vc_column][\/vc_row]<\/p>\n<\/div>","protected":false},"excerpt":{"rendered":"<p>[vc_row css=&#8221;.vc_custom_1576904441679{padding-top: 0px !important;padding-bottom: 0px !important;}&#8221;][vc_column][\/vc_column][\/vc_row][vc_row css=&#8221;.vc_custom_1715779339250{padding-bottom: 40px !important;}&#8221;][vc_column][vc_row_inner css=&#8221;.vc_custom_1613342352600{margin-top: 40px !important;}&#8221;][vc_column_inner el_class=&#8221;mb-lg-0 mb-5&#8243; offset=&#8221;vc_col-lg-6 vc_col-md-6&#8243;][vc_column_text] La consulenza fiscale \u00e8 un&#8217;attivit\u00e0 che, in accordo con il sistema giuridico, economico, tributario e contabile della Repubblica di Croazia, assicura la corretta applicazione della normativa fiscale in modo affidabile. [\/vc_column_text][\/vc_column_inner][vc_column_inner offset=&#8221;vc_col-lg-6 vc_col-md-6&#8243;][vc_column_text]Il consulente fiscale \u00e8 autorizzato a:[\/vc_column_text][\/vc_column_inner][\/vc_row_inner][\/vc_column][\/vc_row][vc_row full_width=&#8221;stretch_row&#8221; [&hellip;]<\/p>\n","protected":false},"author":1,"featured_media":0,"parent":0,"menu_order":0,"comment_status":"closed","ping_status":"closed","template":"full-page.php","meta":{"_seopress_robots_primary_cat":"","_seopress_titles_title":"Consulenza fiscale \u2013 Consulenza fiscale Dujmovi\u0107","_seopress_titles_desc":"Consulenza fiscale Dujmovi\u0107 d.o.o. di Rijeka \u00e8 una societ\u00e0 di consulenza fiscale e aziendale che opera in tutta la Repubblica di Croazia.","_seopress_robots_index":"","kk_blocks_editor_width":"","_kiokenblocks_attr":"","_kiokenblocks_dimensions":"","footnotes":""},"class_list":["post-5421","page","type-page","status-publish","hentry"],"_links":{"self":[{"href":"https:\/\/porezno-savjetovanje.tax\/it\/wp-json\/wp\/v2\/pages\/5421","targetHints":{"allow":["GET"]}}],"collection":[{"href":"https:\/\/porezno-savjetovanje.tax\/it\/wp-json\/wp\/v2\/pages"}],"about":[{"href":"https:\/\/porezno-savjetovanje.tax\/it\/wp-json\/wp\/v2\/types\/page"}],"author":[{"embeddable":true,"href":"https:\/\/porezno-savjetovanje.tax\/it\/wp-json\/wp\/v2\/users\/1"}],"replies":[{"embeddable":true,"href":"https:\/\/porezno-savjetovanje.tax\/it\/wp-json\/wp\/v2\/comments?post=5421"}],"version-history":[{"count":1,"href":"https:\/\/porezno-savjetovanje.tax\/it\/wp-json\/wp\/v2\/pages\/5421\/revisions"}],"predecessor-version":[{"id":5609,"href":"https:\/\/porezno-savjetovanje.tax\/it\/wp-json\/wp\/v2\/pages\/5421\/revisions\/5609"}],"wp:attachment":[{"href":"https:\/\/porezno-savjetovanje.tax\/it\/wp-json\/wp\/v2\/media?parent=5421"}],"curies":[{"name":"wp","href":"https:\/\/api.w.org\/{rel}","templated":true}]}}