{"id":5432,"date":"2022-02-27T19:21:51","date_gmt":"2022-02-27T18:21:51","guid":{"rendered":"https:\/\/porezno-savjetovanje.tax\/kontakt\/"},"modified":"2025-11-20T22:17:31","modified_gmt":"2025-11-20T21:17:31","slug":"contatto","status":"publish","type":"page","link":"https:\/\/porezno-savjetovanje.tax\/it\/contatto\/","title":{"rendered":"Contatto"},"content":{"rendered":"<div class=\"wpb-content-wrapper\"><p>[vc_row full_width=&#8221;stretch_row&#8221; css=&#8221;.vc_custom_1763650381835{margin-top: -60px !important;margin-bottom: 0px !important;}&#8221;][vc_column][vc_row_inner equal_height=&#8221;yes&#8221; content_placement=&#8221;middle&#8221;][vc_column_inner width=&#8221;1\/3&#8243; offset=&#8221;vc_col-lg-4 vc_col-md-4&#8243;]<div class=\"title-box  text-left \"><span class=\"title-design\">Kontaktirajte nas<\/span><h2 class=\"title\">Contattaci<\/h2><\/div>[\/vc_column_inner][vc_column_inner width=&#8221;2\/3&#8243; offset=&#8221;vc_col-lg-8 vc_col-md-8&#8243;][vc_column_text el_class=&#8221;no-margin&#8221;]Chiamaci o invia un messaggio e organizzeremo un incontro.<br \/>\nContattaci via e-mail; risponderemo alla tua richiesta il prima possibile.[\/vc_column_text][\/vc_column_inner][\/vc_row_inner][vc_row_inner css=&#8221;.vc_custom_1613311547813{padding-top: 15px !important;}&#8221;][vc_column_inner width=&#8221;1\/3&#8243;]<div class=\"contact-box  text-  \"> <i aria-hidden=\"true\" class=\"flaticon flaticon-accounting\"><\/i> <div class=\"service-detail\"><h5 class=\"mb-2\">Numero di contatto telefonico<\/h5><ul class=\"list-inline mb-0\"><li><a href=\"tel:+385914449063\">\r\n\t\t\t\t\t\t +385914449063<\/a><\/li><\/ul><\/div><\/div>[\/vc_column_inner][vc_column_inner width=&#8221;1\/3&#8243;]<div class=\"contact-box  text-  \"> <i aria-hidden=\"true\" class=\"flaticon flaticon-document-3\"><\/i> <div class=\"service-detail\"><h5 class=\"mb-2\">E-mail<\/h5><ul class=\"list-inline mb-0\"><li><a href=\"mailto:sandra@porezno-savjetovanje.tax\">\r\n\t\t\t\t\tsandra@porezno-savjetovanje.tax<\/a><\/li><\/ul><\/div><\/div>[\/vc_column_inner][vc_column_inner width=&#8221;1\/3&#8243;]<div class=\"contact-box  text-  \"> <i aria-hidden=\"true\" class=\"flaticon flaticon-placeholder\"><\/i> <div class=\"service-detail\"><h5 class=\"mb-2\">Indirizzo dell'ufficio<\/h5><p class=\"mb-0\"> Ul. Franje Ra\u010dkoga 10, 51000 Rijeka<\/p><\/div><\/div>[\/vc_column_inner][\/vc_row_inner][\/vc_column][\/vc_row][vc_row full_width=&#8221;stretch_row&#8221; disable_element=&#8221;yes&#8221; css=&#8221;.vc_custom_1705406781460{padding-bottom: 80px !important;background-color: #f7f7f9 !important;}&#8221; el_class=&#8221;contact-two&#8221;][vc_column width=&#8221;1\/2&#8243; offset=&#8221;vc_col-lg-6 vc_col-md-6&#8243;]\n<div class=\"wpcf7 no-js\" id=\"wpcf7-f5438-o1\" lang=\"it-IT\" dir=\"ltr\" data-wpcf7-id=\"5438\">\n<div class=\"screen-reader-response\"><p role=\"status\" aria-live=\"polite\" aria-atomic=\"true\"><\/p> <ul><\/ul><\/div>\n<form action=\"\/it\/wp-json\/wp\/v2\/pages\/5432#wpcf7-f5438-o1\" method=\"post\" class=\"wpcf7-form init wpcf7-acceptance-as-validation\" aria-label=\"Modulo di contatto\" novalidate=\"novalidate\" data-status=\"init\">\n<fieldset class=\"hidden-fields-container\"><input type=\"hidden\" name=\"_wpcf7\" value=\"5438\" \/><input type=\"hidden\" name=\"_wpcf7_version\" value=\"6.1.5\" \/><input type=\"hidden\" name=\"_wpcf7_locale\" value=\"it_IT\" \/><input type=\"hidden\" name=\"_wpcf7_unit_tag\" value=\"wpcf7-f5438-o1\" \/><input type=\"hidden\" name=\"_wpcf7_container_post\" value=\"0\" \/><input type=\"hidden\" name=\"_wpcf7_posted_data_hash\" value=\"\" \/><input type=\"hidden\" name=\"_wpcf7_recaptcha_response\" value=\"\" \/>\n<\/fieldset>\n<div class=\"contact-form consultab-contact\">\n\t<div class=\"title-box text-left title-box-space\">\n\t\t<p><span class=\"title-design\">Kontakt forma<\/span>\n\t\t<\/p>\n\t\t<h2>Possiamo aiutarvi?\n\t\t<\/h2>\n\t<\/div>\n\t<div class=\"title-box text-left title-box-space\">\n\t\t<p>Grazie per il vostro interesse.<br \/>\nCompila il form per contattarci e scoprire di pi\u00f9 sui servizi che offriamo.\n\t\t<\/p>\n\t<\/div>\n\t<div class=\"cfield\">\n\t\t<p><span class=\"wpcf7-form-control-wrap\" data-name=\"your-name\"><input size=\"40\" maxlength=\"400\" class=\"wpcf7-form-control wpcf7-text wpcf7-validates-as-required\" aria-required=\"true\" aria-invalid=\"false\" placeholder=\"Nome\" value=\"\" type=\"text\" name=\"your-name\" \/><\/span>\n\t\t<\/p>\n\t<\/div>\n\t<div class=\"cfield\">\n\t\t<p><span class=\"wpcf7-form-control-wrap\" data-name=\"tel-476\"><input size=\"40\" maxlength=\"400\" class=\"wpcf7-form-control wpcf7-tel wpcf7-validates-as-required wpcf7-text wpcf7-validates-as-tel\" aria-required=\"true\" aria-invalid=\"false\" placeholder=\"Numero di contatto\" value=\"\" type=\"tel\" name=\"tel-476\" \/><\/span>\n\t\t<\/p>\n\t<\/div>\n\t<div class=\"cfield\">\n\t\t<p><span class=\"wpcf7-form-control-wrap\" data-name=\"your-email\"><input size=\"40\" maxlength=\"400\" class=\"wpcf7-form-control wpcf7-email wpcf7-validates-as-required wpcf7-text wpcf7-validates-as-email\" aria-required=\"true\" aria-invalid=\"false\" placeholder=\"E-mail\" value=\"\" type=\"email\" name=\"your-email\" \/><\/span>\n\t\t<\/p>\n\t<\/div>\n\t<div class=\"cfield\">\n\t\t<p><span class=\"wpcf7-form-control-wrap\" data-name=\"your-subject\"><input size=\"40\" maxlength=\"400\" class=\"wpcf7-form-control wpcf7-text wpcf7-validates-as-required\" aria-required=\"true\" aria-invalid=\"false\" placeholder=\"Titolo\" value=\"\" type=\"text\" name=\"your-subject\" \/><\/span>\n\t\t<\/p>\n\t<\/div>\n\t<div class=\"cfield\">\n\t\t<p><span class=\"wpcf7-form-control-wrap\" data-name=\"your-message\"><textarea cols=\"40\" rows=\"10\" maxlength=\"2000\" class=\"wpcf7-form-control wpcf7-textarea wpcf7-validates-as-required\" aria-required=\"true\" aria-invalid=\"false\" placeholder=\"Messaggio\" name=\"your-message\"><\/textarea><\/span>\n\t\t<\/p>\n\t<\/div>\n\t<p><label> <span class=\"wpcf7-form-control-wrap\" data-name=\"acceptance-737\"><span class=\"wpcf7-form-control wpcf7-acceptance\"><span class=\"wpcf7-list-item\"><label><input type=\"checkbox\" name=\"acceptance-737\" value=\"1\" aria-invalid=\"false\" \/><span class=\"wpcf7-list-item-label\">Utilizzando questo modulo, accetti  <a href=\"https:\/\/porezno-savjetovanje.tax\/zastita-privatnosti\/\">pravila privatnosti<\/a> di questo sito web. <\/p><\/span><\/label><\/span><\/span><\/span> <\/label><br \/>\n<button id=\"submit\" name=\"submit\" type=\"submit\" value=\"Send\" class=\"button d-block w-100\">Invia<\/button>\n\t<\/p>\n<\/div><div class=\"wpcf7-response-output\" aria-hidden=\"true\"><\/div>\n<\/form>\n<\/div>\n[\/vc_column][vc_column width=&#8221;1\/2&#8243; offset=&#8221;vc_col-lg-6 vc_col-md-6&#8243; el_class=&#8221;mt-5 mt-xl-0 mt-lg-0 mt-md-0&#8243; css=&#8221;.vc_custom_1613341546078{margin-top: 60px !important;}&#8221;][vc_gmaps link=&#8221;#E-8_JTNDaWZyYW1lJTIwc3JjJTNEJTIyaHR0cHMlM0ElMkYlMkZ3d3cuZ29vZ2xlLmNvbSUyRm1hcHMlMkZlbWJlZCUzRnBiJTNEJTIxMW0xOCUyMTFtMTIlMjExbTMlMjExZDI4MDUuMDE5OTIyMjQzNTU1JTIxMmQxNC40NDkwMjg2OTc5NzQ1NiUyMTNkNDUuMzI4MjIwMTYwMTgwNDklMjEybTMlMjExZjAlMjEyZjAlMjEzZjAlMjEzbTIlMjExaTEwMjQlMjEyaTc2OCUyMTRmMTMuMSUyMTNtMyUyMTFtMiUyMTFzMHg0NzY0YTEwMmM3Yzg5MDI1JTI1M0EweGQwZmQxMzIzOWMwNDM2MGMlMjEyc1VsLiUyNTIwRnJhbmplJTI1MjBSYSUyNUM0JTI1OERrb2dhJTI1MjAxMCUyNTJDJTI1MjA1MTAwMCUyNTJDJTI1MjBSaWpla2ElMjE1ZTAlMjEzbTIlMjExc2VuJTIxMnNociUyMTR2MTYxMzMyODEzNTQ5NiUyMTVtMiUyMTFzZW4lMjEyc2hyJTIyJTIwd2lkdGglM0QlMjI2MDAlMjIlMjBoZWlnaHQlM0QlMjI1NTAlMjIlMjBmcmFtZWJvcmRlciUzRCUyMjAlMjIlMjBzdHlsZSUzRCUyMmJvcmRlciUzQTAlM0IlMjIlMjBhbGxvd2Z1bGxzY3JlZW4lM0QlMjIlMjIlMjBhcmlhLWhpZGRlbiUzRCUyMmZhbHNlJTIyJTIwdGFiaW5kZXglM0QlMjIwJTIyJTNFJTNDJTJGaWZyYW1lJTNF&#8221; el_class=&#8221;no-margin&#8221;][vc_empty_space][vc_column_text el_class=&#8221;podatci&#8221;]<strong>Porezno savjetni\u0161tvo Dujmovi\u0107 d.o.o. za porezno savjetni\u0161tvo<\/strong><br \/>\nRijeka, Ratka Petrovi\u0107a 34<br \/>\nTrgova\u010dki sud u Rijeci Tt-21\/227-2, MBS: 040423392, EUID: HRSR.040423392<br \/>\nTemeljni kapital: 20.000,00 kn upla\u0107en u cijelosti<br \/>\nPoslovna banka: Zagreba\u010dka banka d.d., Zagreb, Trg bana Josipa Jela\u010di\u0107a 10<br \/>\nIBAN: HR2423600001102904488, SWIFT:ZABAHR2X<br \/>\nOsoba ovla\u0161tena za zastupanje &#8211; uprava: Sandra Dujmovi\u0107<br \/>\nOdobrenje za rad Hrvatske komore poreznih savjetnika br. 04-73-2\/21 od 04.02.2021.[\/vc_column_text][\/vc_column][\/vc_row][vc_row css=&#8221;.vc_custom_1705406803436{margin-top: 0px !important;padding-top: 0px !important;}&#8221;][vc_column][vc_empty_space][vc_gmaps link=&#8221;#E-8_JTNDaWZyYW1lJTIwc3JjJTNEJTIyaHR0cHMlM0ElMkYlMkZ3d3cuZ29vZ2xlLmNvbSUyRm1hcHMlMkZlbWJlZCUzRnBiJTNEJTIxMW0xOCUyMTFtMTIlMjExbTMlMjExZDI4MDUuMDE5OTIyMjQzNTU1JTIxMmQxNC40NDkwMjg2OTc5NzQ1NiUyMTNkNDUuMzI4MjIwMTYwMTgwNDklMjEybTMlMjExZjAlMjEyZjAlMjEzZjAlMjEzbTIlMjExaTEwMjQlMjEyaTc2OCUyMTRmMTMuMSUyMTNtMyUyMTFtMiUyMTFzMHg0NzY0YTEwMmM3Yzg5MDI1JTI1M0EweGQwZmQxMzIzOWMwNDM2MGMlMjEyc1VsLiUyNTIwRnJhbmplJTI1MjBSYSUyNUM0JTI1OERrb2dhJTI1MjAxMCUyNTJDJTI1MjA1MTAwMCUyNTJDJTI1MjBSaWpla2ElMjE1ZTAlMjEzbTIlMjExc2VuJTIxMnNociUyMTR2MTYxMzMyODEzNTQ5NiUyMTVtMiUyMTFzZW4lMjEyc2hyJTIyJTIwd2lkdGglM0QlMjIxMDAlMjUlMjIlMjBoZWlnaHQlM0QlMjI1NTAlMjIlMjBmcmFtZWJvcmRlciUzRCUyMjAlMjIlMjBzdHlsZSUzRCUyMmJvcmRlciUzQTAlM0IlMjIlMjBhbGxvd2Z1bGxzY3JlZW4lM0QlMjIlMjIlMjBhcmlhLWhpZGRlbiUzRCUyMmZhbHNlJTIyJTIwdGFiaW5kZXglM0QlMjIwJTIyJTNFJTNDJTJGaWZyYW1lJTNF&#8221; el_class=&#8221;no-margin&#8221;][vc_empty_space][vc_column_text el_class=&#8221;podatci&#8221;]<strong>Porezno savjetni\u0161tvo Dujmovi\u0107 d.o.o. za porezno savjetni\u0161tvo<\/strong><br \/>\nRijeka, Ratka Petrovi\u0107a 34<br \/>\nTrgova\u010dki sud u Rijeci Tt-21\/227-2, MBS: 040423392, EUID: HRSR.040423392<br \/>\nTemeljni kapital: 20.000,00 kn upla\u0107en u cijelosti<br \/>\nPoslovna banka: Zagreba\u010dka banka d.d., Zagreb, Trg bana Josipa Jela\u010di\u0107a 10<br \/>\nIBAN: HR2423600001102904488, SWIFT:ZABAHR2X<br \/>\nOsoba ovla\u0161tena za zastupanje &#8211; uprava: Sandra Dujmovi\u0107<br \/>\nOdobrenje za rad Hrvatske komore poreznih savjetnika br. 04-73-2\/21 od 04.02.2021.[\/vc_column_text][\/vc_column][\/vc_row]<\/p>\n<\/div>","protected":false},"excerpt":{"rendered":"<p>[vc_row full_width=&#8221;stretch_row&#8221; css=&#8221;.vc_custom_1763650381835{margin-top: -60px !important;margin-bottom: 0px !important;}&#8221;][vc_column][vc_row_inner equal_height=&#8221;yes&#8221; content_placement=&#8221;middle&#8221;][vc_column_inner width=&#8221;1\/3&#8243; offset=&#8221;vc_col-lg-4 vc_col-md-4&#8243;][\/vc_column_inner][vc_column_inner width=&#8221;2\/3&#8243; offset=&#8221;vc_col-lg-8 vc_col-md-8&#8243;][vc_column_text el_class=&#8221;no-margin&#8221;]Chiamaci o invia un messaggio e organizzeremo un incontro. Contattaci via e-mail; risponderemo alla tua richiesta il prima possibile.[\/vc_column_text][\/vc_column_inner][\/vc_row_inner][vc_row_inner css=&#8221;.vc_custom_1613311547813{padding-top: 15px !important;}&#8221;][vc_column_inner width=&#8221;1\/3&#8243;][\/vc_column_inner][vc_column_inner width=&#8221;1\/3&#8243;][\/vc_column_inner][vc_column_inner width=&#8221;1\/3&#8243;][\/vc_column_inner][\/vc_row_inner][\/vc_column][\/vc_row][vc_row full_width=&#8221;stretch_row&#8221; disable_element=&#8221;yes&#8221; css=&#8221;.vc_custom_1705406781460{padding-bottom: 80px !important;background-color: #f7f7f9 !important;}&#8221; el_class=&#8221;contact-two&#8221;][vc_column width=&#8221;1\/2&#8243; offset=&#8221;vc_col-lg-6 vc_col-md-6&#8243;][\/vc_column][vc_column width=&#8221;1\/2&#8243; offset=&#8221;vc_col-lg-6 vc_col-md-6&#8243; el_class=&#8221;mt-5 [&hellip;]<\/p>\n","protected":false},"author":1,"featured_media":0,"parent":0,"menu_order":0,"comment_status":"closed","ping_status":"closed","template":"full-page.php","meta":{"_seopress_robots_primary_cat":"","_seopress_titles_title":"Contatto \u2013 Consulenza fiscale Dujmovi\u0107","_seopress_titles_desc":"Consulenza fiscale Dujmovi\u0107 d.o.o. Consulenza fiscale. Indirizzo dell'ufficio: Ratka Petrovi\u0107a 34, 51000 Rijeka. Numero di contatto : +385 91 44 490 63","_seopress_robots_index":"","kk_blocks_editor_width":"","_kiokenblocks_attr":"","_kiokenblocks_dimensions":"","footnotes":""},"class_list":["post-5432","page","type-page","status-publish","hentry"],"_links":{"self":[{"href":"https:\/\/porezno-savjetovanje.tax\/it\/wp-json\/wp\/v2\/pages\/5432","targetHints":{"allow":["GET"]}}],"collection":[{"href":"https:\/\/porezno-savjetovanje.tax\/it\/wp-json\/wp\/v2\/pages"}],"about":[{"href":"https:\/\/porezno-savjetovanje.tax\/it\/wp-json\/wp\/v2\/types\/page"}],"author":[{"embeddable":true,"href":"https:\/\/porezno-savjetovanje.tax\/it\/wp-json\/wp\/v2\/users\/1"}],"replies":[{"embeddable":true,"href":"https:\/\/porezno-savjetovanje.tax\/it\/wp-json\/wp\/v2\/comments?post=5432"}],"version-history":[{"count":3,"href":"https:\/\/porezno-savjetovanje.tax\/it\/wp-json\/wp\/v2\/pages\/5432\/revisions"}],"predecessor-version":[{"id":5608,"href":"https:\/\/porezno-savjetovanje.tax\/it\/wp-json\/wp\/v2\/pages\/5432\/revisions\/5608"}],"wp:attachment":[{"href":"https:\/\/porezno-savjetovanje.tax\/it\/wp-json\/wp\/v2\/media?parent=5432"}],"curies":[{"name":"wp","href":"https:\/\/api.w.org\/{rel}","templated":true}]}}