{"id":5445,"date":"2022-02-27T19:49:56","date_gmt":"2022-02-27T18:49:56","guid":{"rendered":"https:\/\/porezno-savjetovanje.tax\/o-nama\/"},"modified":"2025-11-20T22:17:08","modified_gmt":"2025-11-20T21:17:08","slug":"chi-siamo","status":"publish","type":"page","link":"https:\/\/porezno-savjetovanje.tax\/it\/chi-siamo\/","title":{"rendered":"Chi siamo"},"content":{"rendered":"<div class=\"wpb-content-wrapper\"><p>[vc_row css=&#8221;.vc_custom_1574052395545{padding-top: 0px !important;}&#8221; el_class=&#8221;about-us-images&#8221;][vc_column offset=&#8221;vc_col-lg-6 vc_col-md-6&#8243;]<div class=\"title-box mb-3 text-left \"><span class=\"title-design\">O nama<\/span><h3 class=\"title\">Mr. sc. Sandra Dujmovi\u0107, economista laureato<\/h3><\/div>[vc_column_text el_class=&#8221;mt-4&#8243;]Mr. sc. Sandra Dujmovi\u0107, economista laureato, un consulente fiscale certificato con oltre 25 anni di vasta esperienza lavorativa in vari settori nel campo del turismo, commercio, finanza, contabilit\u00e0 e fiscalit\u00e0 nell&#8217;economia e nel settore privato, nella propria attivit\u00e0 e nel settore pubblico.[\/vc_column_text][vc_column_text el_class=&#8221;mt-4&#8243;]Ha un master in economia e una branca della finanza. Ha completato i suoi studi universitari presso la Facolt\u00e0 di Management dell&#8217;Ospitalit\u00e0 di Opatija e gli studi scientifici post-laurea in gestione finanziaria presso la Facolt\u00e0 di Economia di Rijeka.<\/p>\n<p>Ha iniziato la sua carriera nel turismo, come agente di viaggio a Krk e capo di un&#8217;agenzia di viaggio a Opatija e ha proseguito in una grande azienda di commercio estero a Fiume come progettista di sistemi informativi responsabile della finanza e della contabilit\u00e0. Ha anche lavorato come commercialista per diversi anni. Ha proseguito la sua carriera in contabilit\u00e0 come commercialista freelance e titolare di un servizio di contabilit\u00e0. Successivamente, ha ottenuto un impiego nel settore pubblico con incarichi dirigenziali come capo del Dipartimento per la gestione e la riscossione delle entrate pubbliche dell&#8217;autogoverno locale e come direttore della Direzione dei servizi comunali dell&#8217;Amministrazione comunale Citt\u00e0 di Fiume.<\/p>\n<p>Ha espresso il suo interesse scientifico nel campo della tassazione ricercando la relazione tra la base imponibile come indicatore della solidit\u00e0 economica e l&#8217;impatto dell&#8217;ammontare dell&#8217;imposta dovuta sull&#8217;equit\u00e0 del sistema tributario. Ha pubblicato numerosi articoli scientifici e professionali nel settore. \u00c8 dottore commercialista e scienziata forense contabile. \u00c8 anche perito permanente del tribunale per le finanze, la contabilit\u00e0 e le tasse presso il tribunale distrettuale e commerciale di Rijeka.[\/vc_column_text]<div class=\"title-box mb-3 text-left \"><h3 class=\"title\">CIRCA L'AZIENDA<\/h3><\/div>[vc_column_text el_class=&#8221;mt-4&#8243;]La consulenza fiscale \u00e8 un&#8217;attivit\u00e0 che, in conformit\u00e0 con il sistema giuridico, economico, tributario e contabile della Repubblica di Croazia, assicura in modo affidabile la corretta applicazione della normativa fiscale da parte dei contribuenti.<\/p>\n<p>La fondatrice dell&#8217;azienda \u00e8 una consulente fiscale certificata Sandra Dujmovi\u0107.<br \/>\nLa sua visione \u00e8 quella di fornire ai suoi partner commerciali conoscenze professionali e una ricca esperienza lavorativa con sicurezza negli affari fornendo un&#8217;assistenza affidabile e professionale guidata dai principi di etica aziendale, responsabilit\u00e0 e riservatezza.<\/p>\n<p>La consulenza personale e il supporto individuale dei nostri clienti basato sulla fiducia \u00e8 la nostra massima priorit\u00e0.<\/p>\n<p>L&#8217;obiettivo della nostra consulenza \u00e8 quello di sviluppare un concetto di consulenza su misura per le vostre esigenze e desideri con un&#8217;enfasi sulla fiducia e la massima riservatezza.[\/vc_column_text][\/vc_column][vc_column el_class=&#8221;text-lg-right text-center mt-5 mt-lg-0 mt-xl-0&#8243; offset=&#8221;vc_col-lg-6 vc_col-md-6&#8243;][vc_single_image image=&#8221;5284&#8243; img_size=&#8221;full&#8221;][\/vc_column][\/vc_row][vc_row css=&#8221;.vc_custom_1565156547898{padding-top: 0px !important;padding-bottom: 65px !important;}&#8221;][vc_column width=&#8221;1\/3&#8243;][vc_custom_heading text=&#8221;Visione&#8221; font_container=&#8221;tag:h4|text_align:left&#8221; use_theme_fonts=&#8221;yes&#8221; el_class=&#8221;mb-2&#8243;][vc_column_text]Grazie alle conoscenze professionali e alla ricca esperienza lavorativa, garantiamo ai nostri partner commerciali la sicurezza negli affari fornendo un&#8217;assistenza affidabile e professionale guidata dai principi di etica aziendale, responsabilit\u00e0 e riservatezza.[\/vc_column_text][\/vc_column][vc_column width=&#8221;1\/3&#8243;][vc_custom_heading text=&#8221;Missione&#8221; font_container=&#8221;tag:h4|text_align:left&#8221; use_theme_fonts=&#8221;yes&#8221; el_class=&#8221;mb-2&#8243;][vc_column_text]La missione della nostra consulenza \u00e8 di sviluppare un concetto di consulenza su misura per le vostre esigenze e desideri con un&#8217;enfasi sulla fiducia e la massima riservatezza.[\/vc_column_text][\/vc_column][vc_column width=&#8221;1\/3&#8243;][vc_custom_heading text=&#8221;Strategia&#8221; font_container=&#8221;tag:h4|text_align:left&#8221; use_theme_fonts=&#8221;yes&#8221; el_class=&#8221;mb-2&#8243;][vc_column_text]La nostra strategia e la massima priorit\u00e0 \u00e8 la consulenza personale e il supporto individuale dei nostri clienti.[\/vc_column_text][\/vc_column][\/vc_row]<\/p>\n<\/div>","protected":false},"excerpt":{"rendered":"<p>[vc_row css=&#8221;.vc_custom_1574052395545{padding-top: 0px !important;}&#8221; el_class=&#8221;about-us-images&#8221;][vc_column offset=&#8221;vc_col-lg-6 vc_col-md-6&#8243;][vc_column_text el_class=&#8221;mt-4&#8243;]Mr. sc. Sandra Dujmovi\u0107, economista laureato, un consulente fiscale certificato con oltre 25 anni di vasta esperienza lavorativa in vari settori nel campo del turismo, commercio, finanza, contabilit\u00e0 e fiscalit\u00e0 nell&#8217;economia e nel settore privato, nella propria attivit\u00e0 e nel settore pubblico.[\/vc_column_text][vc_column_text el_class=&#8221;mt-4&#8243;]Ha un master in economia e [&hellip;]<\/p>\n","protected":false},"author":1,"featured_media":0,"parent":0,"menu_order":0,"comment_status":"closed","ping_status":"closed","template":"full-page.php","meta":{"_seopress_robots_primary_cat":"","_seopress_titles_title":"Chi siamo - Consulenza fiscale Dujmovi\u0107","_seopress_titles_desc":"Mr. sc. Sandra Dujmovi\u0107, economista laureato, un consulente fiscale certificato con oltre 25 anni di vasta esperienza lavorativa in vari settori.","_seopress_robots_index":"","kk_blocks_editor_width":"","_kiokenblocks_attr":"","_kiokenblocks_dimensions":"","footnotes":""},"class_list":["post-5445","page","type-page","status-publish","hentry"],"_links":{"self":[{"href":"https:\/\/porezno-savjetovanje.tax\/it\/wp-json\/wp\/v2\/pages\/5445","targetHints":{"allow":["GET"]}}],"collection":[{"href":"https:\/\/porezno-savjetovanje.tax\/it\/wp-json\/wp\/v2\/pages"}],"about":[{"href":"https:\/\/porezno-savjetovanje.tax\/it\/wp-json\/wp\/v2\/types\/page"}],"author":[{"embeddable":true,"href":"https:\/\/porezno-savjetovanje.tax\/it\/wp-json\/wp\/v2\/users\/1"}],"replies":[{"embeddable":true,"href":"https:\/\/porezno-savjetovanje.tax\/it\/wp-json\/wp\/v2\/comments?post=5445"}],"version-history":[{"count":3,"href":"https:\/\/porezno-savjetovanje.tax\/it\/wp-json\/wp\/v2\/pages\/5445\/revisions"}],"predecessor-version":[{"id":5607,"href":"https:\/\/porezno-savjetovanje.tax\/it\/wp-json\/wp\/v2\/pages\/5445\/revisions\/5607"}],"wp:attachment":[{"href":"https:\/\/porezno-savjetovanje.tax\/it\/wp-json\/wp\/v2\/media?parent=5445"}],"curies":[{"name":"wp","href":"https:\/\/api.w.org\/{rel}","templated":true}]}}