{"id":5460,"date":"2022-02-27T20:24:30","date_gmt":"2022-02-27T19:24:30","guid":{"rendered":"https:\/\/porezno-savjetovanje.tax\/usluge\/"},"modified":"2025-11-20T22:20:46","modified_gmt":"2025-11-20T21:20:46","slug":"servizi","status":"publish","type":"page","link":"https:\/\/porezno-savjetovanje.tax\/it\/servizi\/","title":{"rendered":"Servizi"},"content":{"rendered":"<div class=\"wpb-content-wrapper\"><p>[vc_row css=&#8221;.vc_custom_1614868701798{margin-top: 0px !important;margin-bottom: 0px !important;padding-top: 0px !important;padding-bottom: 0px !important;}&#8221;][vc_column]<div class=\"title-box  text-center \"><span class=\"title-design\">USLUGE<\/span><h3 class=\"title\">Il nostro obiettivo \u00e8 fornire valore ai nostri clienti con servizi di alta qualit\u00e0<\/h3><\/div>[\/vc_column][\/vc_row][vc_row css=&#8221;.vc_custom_1613318297094{margin-top: 0px !important;margin-bottom: 0px !important;padding-top: 0px !important;padding-bottom: 0px !important;}&#8221;][vc_column][vc_empty_space height=&#8221;12px&#8221;]\r\n\t<div class=\"text-left  \">\r\n\t\t<ul class=\"iq-list\">\r\n\t        <li>\r\n\t            <i class=\"fas fa-check-square\"><\/i>\r\n\t\t            <span style=\"color: #000000\">Consulenza su tutte le questioni fiscali per garantire l'applicazione legale, corretta e ottimale della normativa fiscale\n<\/span>        \r\n\t        <\/li>\r\n\t        <li>\r\n\t            <i class=\"fas fa-check-square\"><\/i>\r\n\t\t            <span style=\"color: #000000\">Assistenza professionale nell'esercizio di diritti e interessi legali in procedimenti tributari\n<\/span>        \r\n\t        <\/li>\r\n\t        <li>\r\n\t            <i class=\"fas fa-check-square\"><\/i>\r\n\t\t            <span style=\"color: #000000\">Pianificazione fiscale con utilizzo di risparmi e agevolazioni fiscali secondo la normativa vigente<\/span>        \r\n\t        <\/li>\r\n\t        <li>\r\n\t            <i class=\"fas fa-check-square\"><\/i>\r\n\t\t            <span style=\"color: #000000\">Rappresentanza in tutte le fasi del procedimento tributario e vigilanza da parte delle autorit\u00e0 fiscali<\/span>        \r\n\t        <\/li>\r\n\t        <li>\r\n\t            <i class=\"fas fa-check-square\"><\/i>\r\n\t\t            <span style=\"color: #000000\">Fornire informazioni su modifiche fiscali, pratiche fiscali e attualit\u00e0 e attuazione della normativa fiscale nel sistema aziendale<\/span>        \r\n\t        <\/li>\r\n\t        <li>\r\n\t            <i class=\"fas fa-check-square\"><\/i>\r\n\t\t            <span style=\"color: #000000\">Monitoraggio continuo della correttezza della compilazione e tenuta delle scritture fiscali e contabili<\/span>        \r\n\t        <\/li>\r\n\t        <li>\r\n\t            <i class=\"fas fa-check-square\"><\/i>\r\n\t\t            <span style=\"color: #000000\">Preparazione e assistenza nella predisposizione delle dichiarazioni dei redditi e di altre comunicazioni alle autorit\u00e0 fiscali<\/span>        \r\n\t        <\/li>\r\n\t        <li>\r\n\t            <i class=\"fas fa-check-square\"><\/i>\r\n\t\t            <span style=\"color: #000000\">Consulenza e rappresentanza in tutte le procedure relative alla determinazione e riscossione dei benefici pubblici e delle altre entrate delle unit\u00e0 di autogoverno locale<\/span>        \r\n\t        <\/li>\r\n\t\t<\/ul>\r\n\t<\/div>[vc_empty_space height=&#8221;42px&#8221;][vc_column_text el_class=&#8221;mb-3&#8243;]I servizi di consulenza finanziaria forniscono assistenza nella navigazione e nella definizione di complessi cambiamenti finanziari e di mercato:[\/vc_column_text]\r\n\t<div class=\"text-left  \">\r\n\t\t<ul class=\"iq-list\">\r\n\t        <li>\r\n\t            <i class=\"fas fa-check-square\"><\/i>\r\n\t\t            <span style=\"color: #000000\">Analisi della situazione finanziaria attuale\n<\/span>        \r\n\t        <\/li>\r\n\t        <li>\r\n\t            <i class=\"fas fa-check-square\"><\/i>\r\n\t\t            <span style=\"color: #000000\">Pianificazione in accordo con gli obiettivi finanziari del cliente con l'obiettivo di maggiori rendimenti con meno rischi<\/span>        \r\n\t        <\/li>\r\n\t        <li>\r\n\t            <i class=\"fas fa-check-square\"><\/i>\r\n\t\t            <span style=\"color: #000000\">Assistenza professionale nella gestione di portafogli finanziari<\/span>        \r\n\t        <\/li>\r\n\t        <li>\r\n\t            <i class=\"fas fa-check-square\"><\/i>\r\n\t\t            <span style=\"color: #000000\">Consulenza e guida al momento di decidere gli investimenti<\/span>        \r\n\t        <\/li>\r\n\t        <li>\r\n\t            <i class=\"fas fa-check-square\"><\/i>\r\n\t\t            <span style=\"color: #000000\">Ottimizzazione delle risorse finanziarie<\/span>        \r\n\t        <\/li>\r\n\t        <li>\r\n\t            <i class=\"fas fa-check-square\"><\/i>\r\n\t\t            <span style=\"color: #000000\">Preparazione di studi sugli investimenti e giustificazione degli investimenti<\/span>        \r\n\t        <\/li>\r\n\t        <li>\r\n\t            <i class=\"fas fa-check-square\"><\/i>\r\n\t\t            <span style=\"color: #000000\">Predisposizione di report e business plan dell'entit\u00e0 economica<\/span>        \r\n\t        <\/li>\r\n\t\t<\/ul>\r\n\t<\/div>[vc_empty_space height=&#8221;42px&#8221;]\r\n\t<div class=\"text-left  \">\r\n\t\t<ul class=\"iq-list\">\r\n\t        <li>\r\n\t            <i class=\"fas fa-check-square\"><\/i>\r\n\t\t            <span style=\"color: #000000\">Assistenza professionale nella decisione di avviare un'attivit\u00e0 in proprio e nella scelta del tipo di forma organizzativa:\n<\/span>        \r\n\t        <\/li>\r\n\t\t<\/ul>\r\n\t<\/div>[vc_empty_space height=&#8221;22px&#8221;][vc_column_text el_class=&#8221;mb-3&#8243;]Avviare un&#8217;azienda o un&#8217;impresa \u00e8 uno dei dilemmi che un imprenditore deve affrontare quando avvia un&#8217;impresa. Non esiste una risposta univoca alla domanda su quale sia la migliore perch\u00e9 ogni forma organizzativa ha i suoi vantaggi e svantaggi e la soluzione ottimale dipende da molti dettagli con un&#8217;enfasi sulla differenza dei costi amministrativi e del trattamento fiscale.[\/vc_column_text]\r\n\t<div class=\"text-left  \">\r\n\t\t<ul class=\"iq-list\">\r\n\t        <li>\r\n\t            <i class=\"fas fa-check-square\"><\/i>\r\n\t\t            <span style=\"color: #000000\">Valutazione del valore dell'azienda in compravendite, fusioni, acquisizioni e scissioni dell'azienda:\n<\/span>        \r\n\t        <\/li>\r\n\t\t<\/ul>\r\n\t<\/div>[vc_empty_space height=&#8221;22px&#8221;][vc_column_text el_class=&#8221;mb-3&#8243;]Offriamo servizi di valutazione aziendale utilizzando vari metodi che adattiamo al profilo dell&#8217;azienda, alle attivit\u00e0 e alla posizione di mercato:<br \/>\nInvestitori &#8211; per ricapitalizzare l&#8217;azienda<br \/>\nAcquirenti e\/o venditori di azioni della societ\u00e0 o al momento del pagamento di uno dei soci<br \/>\nQuando si eredita una societ\u00e0 &#8211; divisione della propriet\u00e0<br \/>\nInformazioni al proprietario sul valore di ci\u00f2 che ha creato[\/vc_column_text][vc_empty_space height=&#8221;22px&#8221;]\r\n\t<div class=\"text-left  \">\r\n\t\t<ul class=\"iq-list\">\r\n\t        <li>\r\n\t            <i class=\"fas fa-check-square\"><\/i>\r\n\t\t            <span style=\"color: #000000\">Assistenza alle autonomie locali nell'organizzazione ed esecuzione dell'indebitamento e recupero (anche forzato) di tutte le entrate in loro potere\n<\/span>        \r\n\t        <\/li>\r\n\t\t<\/ul>\r\n\t<\/div>[vc_empty_space height=&#8221;42px&#8221;][vc_column_text el_class=&#8221;mb-3&#8243;]La due diligence viene svolta al momento dell&#8217;acquisto, della fusione e dell&#8217;effettuazione di un investimento significativo nella societ\u00e0 o quando si instaura un rapporto contrattuale a lungo termine.<br \/>\nUn&#8217;analisi fiscale approfondita quantifica i rischi fiscali prima dell&#8217;operazione, in modo che i partecipanti all&#8217;operazione sappiano in modo trasparente quali rischi l&#8217;oggetto dell&#8217;operazione o quanto sono possibili deflussi di cassa in caso di vigilanza fiscale dopo l&#8217;operazione.<br \/>\nIn collaborazione con avvocati partner e revisori certificati, siamo in grado di fornire un servizio completo a tutti i nostri clienti.[\/vc_column_text][vc_empty_space height=&#8221;22px&#8221;][vc_column_text el_class=&#8221;mb-3&#8243;]La legge e l&#8217;ordinanza sull&#8217;imposta sugli utili includono le linee guida dell&#8217;OCSE sui prezzi di trasferimento nella legislazione della Repubblica di Croazia prescrivendo metodi di determinazione dei prezzi di trasferimento, attivit\u00e0 da intraprendere per selezionare e applicare metodi di determinazione dei prezzi di trasferimento e determinando l&#8217;applicazione del principio di indipendenza nelle transazioni. tra affiliati.[\/vc_column_text][vc_empty_space height=&#8221;22px&#8221;][vc_column_text el_class=&#8221;mb-3&#8243;]Preparazione di perizie e pareri in materia finanziaria, contabile e fiscale.[\/vc_column_text][vc_empty_space height=&#8221;22px&#8221;][vc_column_text el_class=&#8221;mb-3&#8243;]La contabilit\u00e0 forense \u00e8 l&#8217;applicazione di tecniche investigative approfondite e capacit\u00e0 analitiche per rilevare manipolazioni in bilanci, operazioni finanziarie e investimenti di ogni tipo. Comprende anche l&#8217;analisi forense preventiva, in particolare in termini di valutazione dei partner commerciali, il controllo preventivo di tutte le entit\u00e0 in cui intende investire, l&#8217;informatica forense, la valutazione della propriet\u00e0, la valutazione del rischio di frode aziendale, l&#8217;identificazione dei conflitti di interesse con i membri dei consigli di amministrazione e sorveglianza e valutare i danni dopo la frode utilizzando varie tecniche analitiche e strumenti di analisi forense.[\/vc_column_text][\/vc_column][\/vc_row][vc_row disable_element=&#8221;yes&#8221; css=&#8221;.vc_custom_1613318116351{padding-top: 0px !important;padding-bottom: 0px !important;}&#8221;][vc_column width=&#8221;1\/2&#8243; offset=&#8221;vc_col-lg-4 vc_col-md-4&#8243;][vc_column_text el_class=&#8221;mb-3&#8243;]Porezno savjetovanje i zastupanje[\/vc_column_text]\r\n\t<div class=\"text-left  \">\r\n\t\t<ul class=\"iq-list\">\r\n\t        <li>\r\n\t            <i class=\"fab fa-accessible-icon\"><\/i>\r\n\t\t            <span style=\"color: #000000\">Savjetovanje o svim poreznim pitanjima radi osiguravanja zakonite, pravilne i optimalne primjene poreznih propisa<\/span>        \r\n\t        <\/li>\r\n\t        <li>\r\n\t            <i class=\"fab fa-accessible-icon\"><\/i>\r\n\t\t            <span style=\"color: #000000\">Stru\u010dna pomo\u0107 u ostvarivanju prava i pravnih interesa u poreznom postupku<\/span>        \r\n\t        <\/li>\r\n\t        <li>\r\n\t            <i class=\"fab fa-accessible-icon\"><\/i>\r\n\t\t            <span style=\"color: #000000\">Porezno planiranje uz kori\u0161tenje poreznih u\u0161teda i pogodnosti sukladno va\u017ee\u0107im zakonskim\npropisima<\/span>        \r\n\t        <\/li>\r\n\t        <li>\r\n\t            <i class=\"fab fa-accessible-icon\"><\/i>\r\n\t\t            <span style=\"color: #000000\">Zastupanje u svim fazama poreznog postupka i nadzora od strane poreznih tijela<\/span>        \r\n\t        <\/li>\r\n\t        <li>\r\n\t            <i class=\"fab fa-accessible-icon\"><\/i>\r\n\t\t            <span style=\"color: #000000\">Davanje informacija o poreznim promjenama, poreznoj praksi i aktualnostima te\nimplementacija poreznih propisa u poslovni sustav<\/span>        \r\n\t        <\/li>\r\n\t        <li>\r\n\t            <i class=\"fab fa-accessible-icon\"><\/i>\r\n\t\t            <span style=\"color: #000000\">Kontinuirani nadzor pravilnosti sastavljanja i vo\u0111enja poreznih i ra\u010dunovodstvnenih\nevidencija<\/span>        \r\n\t        <\/li>\r\n\t        <li>\r\n\t            <i class=\"fab fa-accessible-icon\"><\/i>\r\n\t\t            <span style=\"color: #000000\">Izrada i pomo\u0107 pri izradi poreznih prijava i ostalih podnesaka poreznim tijelima<\/span>        \r\n\t        <\/li>\r\n\t\t<\/ul>\r\n\t<\/div>[\/vc_column][vc_column width=&#8221;1\/2&#8243; offset=&#8221;vc_col-lg-4 vc_col-md-4&#8243; el_class=&#8221;mt-4 mt-lg-0 mt-md-0&#8243;][vc_column_text el_class=&#8221;mb-3&#8243;]It is a long established fact that a reader will be distracted by the readable content of a page when looking at its layout.[\/vc_column_text]\r\n\t<div class=\"text-left  \">\r\n\t\t<ul class=\"iq-list\">\r\n\t        <li>\r\n\t            <i class=\"fa fa-check-square-o\"><\/i><span>Tech Consulting experts<\/span>        \r\n\t        <\/li>\r\n\t        <li>\r\n\t            <i class=\"fa fa-check-square-o\"><\/i><span>Quality research & analysis<\/span>        \r\n\t        <\/li>\r\n\t        <li>\r\n\t            <i class=\"fa fa-check-square-o\"><\/i><span>Business advisory experience<\/span>        \r\n\t        <\/li>\r\n\t\t<\/ul>\r\n\t<\/div>[\/vc_column][vc_column width=&#8221;1\/2&#8243; offset=&#8221;vc_col-lg-4 vc_col-md-4&#8243; el_class=&#8221;mt-4 mt-lg-0&#8243;][vc_column_text el_class=&#8221;mb-3&#8243;]It is a long established fact that a reader will be distracted by the readable content of a page when looking at its layout.[\/vc_column_text]\r\n\t<div class=\"text-left  \">\r\n\t\t<ul class=\"iq-list\">\r\n\t        <li>\r\n\t            <i class=\"fa fa-check-square-o\"><\/i><span>Tech Consulting experts<\/span>        \r\n\t        <\/li>\r\n\t        <li>\r\n\t            <i class=\"fa fa-check-square-o\"><\/i><span>Quality research & analysis<\/span>        \r\n\t        <\/li>\r\n\t        <li>\r\n\t            <i class=\"fa fa-check-square-o\"><\/i><span>Business advisory experience<\/span>        \r\n\t        <\/li>\r\n\t\t<\/ul>\r\n\t<\/div>[\/vc_column][\/vc_row][vc_row disable_element=&#8221;yes&#8221;][vc_column el_class=&#8221;images-effect&#8221; offset=&#8221;vc_col-lg-6 vc_col-md-5&#8243;][vc_single_image image=&#8221;5090&#8243; img_size=&#8221;full&#8221; el_class=&#8221;mb-0&#8243;][\/vc_column][vc_column offset=&#8221;vc_col-lg-6 vc_col-md-7&#8243; el_class=&#8221;our-services-tab side-tab mt-5 mt-lg-0 mt-xl-0&#8243;]<div class=\"title-box  text-left \"><span class=\"title-design\">why choose us<\/span><h2 class=\"title\">Why People Trust Consultab for Consulting<\/h2><\/div>[vc_column_text]There are many variations of passages of Lorem Ipsum available, but the majority have suffered alteration.<\/p>\n<p>[\/vc_column_text][vc_tta_tabs][vc_tta_section title=&#8221;Advanced Analytics&#8221; tab_id=&#8221;1564208879472-ad9fbdaf-4dba&#8221;][vc_column_text el_class=&#8221;mb-3&#8243;]I am text block. Click edit button to change this text. Lorem ipsum dolor sit amet, consectetur adipiscing elit. Ut elit tellus, luctus nec ullamcorper mattis, pulvinar dapibus leo.[\/vc_column_text]\r\n\t<div class=\"text-left  \">\r\n\t\t<ul class=\"iq-list\">\r\n\t        <li>\r\n\t            <i class=\"fa fa-check-square-o\"><\/i><span> Advance Advisory Team<\/span>        \r\n\t        <\/li>\r\n\t        <li>\r\n\t            <i class=\"fa fa-check-square-o\"><\/i><span>Professional Consulting Services<\/span>        \r\n\t        <\/li>\r\n\t        <li>\r\n\t            <i class=\"fa fa-check-square-o\"><\/i><span>24\/7 Support Help Center<\/span>        \r\n\t        <\/li>\r\n\t        <li>\r\n\t            <i class=\"fa fa-check-square-o\"><\/i><span> Advance Advisory Team<\/span>        \r\n\t        <\/li>\r\n\t\t<\/ul>\r\n\t<\/div>[\/vc_tta_section][vc_tta_section title=&#8221;Management&#8221; tab_id=&#8221;1564208879490-ee65cd07-8e66&#8243;][vc_column_text el_class=&#8221;mb-3&#8243;]I am text block. Click edit button to change this text. Lorem ipsum dolor sit amet, consectetur adipiscing elit. Ut elit tellus, luctus nec ullamcorper mattis, pulvinar dapibus leo.[\/vc_column_text][vc_column_text el_class=&#8221;mb-3&#8243;]I am text block. Click edit button to change this text. Lorem ipsum dolor sit amet, consectetur adipiscing elit. Ut elit tellus, luctus nec ullamcorper mattis, pulvinar dapibus leo.[\/vc_column_text][\/vc_tta_section][vc_tta_section title=&#8221;Corporate Finance&#8221; tab_id=&#8221;1564209259876-9e17c5c0-80e9&#8243;][vc_column_text el_class=&#8221;mb-3&#8243;]I am text block. Click edit button to change this text. Lorem ipsum dolor sit amet, consectetur adipiscing elit. Ut elit tellus, luctus nec ullamcorper mattis, pulvinar dapibus leo.[\/vc_column_text]\r\n\t<div class=\"text-left  \">\r\n\t\t<ul class=\"iq-list\">\r\n\t        <li>\r\n\t            <i class=\"fa fa-check-square-o\"><\/i><span> Advance Advisory Team<\/span>        \r\n\t        <\/li>\r\n\t        <li>\r\n\t            <i class=\"fa fa-check-square-o\"><\/i><span>Professional Consulting Services<\/span>        \r\n\t        <\/li>\r\n\t        <li>\r\n\t            <i class=\"fa fa-check-square-o\"><\/i><span>24\/7 Support Help Center<\/span>        \r\n\t        <\/li>\r\n\t        <li>\r\n\t            <i class=\"fa fa-check-square-o\"><\/i><span> Advance Advisory Team<\/span>        \r\n\t        <\/li>\r\n\t\t<\/ul>\r\n\t<\/div>[\/vc_tta_section][\/vc_tta_tabs][\/vc_column][\/vc_row][vc_row full_width=&#8221;stretch_row&#8221; disable_element=&#8221;yes&#8221; el_class=&#8221;effect-banner&#8221; css=&#8221;.vc_custom_1613318131419{background-color: #142c4b !important;}&#8221;][vc_column][vc_row_inner equal_height=&#8221;yes&#8221; content_placement=&#8221;middle&#8221;][vc_column_inner width=&#8221;1\/2&#8243; offset=&#8221;vc_col-lg-5 vc_col-md-5&#8243;]<div class=\"title-box text-white  text-left \"><span class=\"title-design\">Our Services<\/span><h2 class=\"title\">We Provide Professional Consulting Services.<\/h2><\/div>[\/vc_column_inner][vc_column_inner offset=&#8221;vc_col-lg-5 vc_col-md-5&#8243;][vc_column_text el_class=&#8221;mb-0 text-white&#8221;]Porezno savjetni\u0161tvo je djelatnost kojom se u skladu s pravnim, gospodarstvenim, poreznim i ra\u010dunovodstvenim sustavom Republike Hrvatske, osigurava na pouzdan na\u010din pravilna primjena poreznih propisa od poreznih obveznika.[\/vc_column_text][\/vc_column_inner][vc_column_inner width=&#8221;1\/6&#8243;][\/vc_column_inner][\/vc_row_inner][vc_row_inner el_class=&#8221;flip-effect-owl&#8221; css=&#8221;.vc_custom_1567657026307{padding-top: 45px !important;}&#8221;][vc_column_inner]\n        <div class=\"row \">\n            <div class=\"col-sm-12\"><div class=\"owl-carousel\" data-dots=\"false\" data-nav=\"true\" data-items=\"0\" data-items-laptop=\"0\" data-items-tab=\"0\" data-items-mobile=\"0\" data-items-mobile-sm=\"1\" data-autoplay=\"true\" data-loop=\"false\" data-margin=\"30\">\n                <\/div>\n            <\/div>\n        <\/div>[\/vc_column_inner][\/vc_row_inner][\/vc_column][\/vc_row][vc_row disable_element=&#8221;yes&#8221; css=&#8221;.vc_custom_1613316991700{padding-bottom: 0px !important;}&#8221;][vc_column][vc_row_inner][vc_column_inner offset=&#8221;vc_col-lg-offset-3 vc_col-lg-6&#8243;]<div class=\"title-box title-shadow  text-center \"><span class=\"title-design\">Our Testimonial<\/span><h2 class=\"title\">Cilj nam je pru\u017eiti vrijednost na\u0161im klijentima kroz visokokvalitetne usluge!<\/h2><\/div>[\/vc_column_inner][\/vc_row_inner][vc_row_inner el_class=&#8221;our-testimonial&#8221;][vc_column_inner]<div class=\"owl-carousel our-testimonial\" data-dots=\"true\" data-nav=\"false\"   data-autoplay=\"true\"  data-loop=\"false\"  data-items=\"0\" data-items-laptop=\"0\" data-items-tab=\"0\" data-items-mobile=\"0\" data-items-mobile-sm=\"1\" data-margin=\"30\">\n        <\/div>[\/vc_column_inner][\/vc_row_inner][\/vc_column][\/vc_row]<\/p>\n<\/div>","protected":false},"excerpt":{"rendered":"<p>[vc_row css=&#8221;.vc_custom_1614868701798{margin-top: 0px !important;margin-bottom: 0px !important;padding-top: 0px !important;padding-bottom: 0px !important;}&#8221;][vc_column][\/vc_column][\/vc_row][vc_row css=&#8221;.vc_custom_1613318297094{margin-top: 0px !important;margin-bottom: 0px !important;padding-top: 0px !important;padding-bottom: 0px !important;}&#8221;][vc_column][vc_empty_space height=&#8221;12px&#8221;][vc_empty_space height=&#8221;42px&#8221;][vc_column_text el_class=&#8221;mb-3&#8243;]I servizi di consulenza finanziaria forniscono assistenza nella navigazione e nella definizione di complessi cambiamenti finanziari e di mercato:[\/vc_column_text][vc_empty_space height=&#8221;42px&#8221;][vc_empty_space height=&#8221;22px&#8221;][vc_column_text el_class=&#8221;mb-3&#8243;]Avviare un&#8217;azienda o un&#8217;impresa \u00e8 uno dei dilemmi che un imprenditore deve affrontare [&hellip;]<\/p>\n","protected":false},"author":1,"featured_media":0,"parent":0,"menu_order":0,"comment_status":"closed","ping_status":"closed","template":"full-page.php","meta":{"_seopress_robots_primary_cat":"","_seopress_titles_title":"Usluge - Consulenza fiscale Dujmovi\u0107","_seopress_titles_desc":"Consulenza e rappresentanza fiscale, Consulenza finanziaria, Consulenza aziendale, Due diligence fiscale. Perizie finanziarie, contabili e fiscali, Contabilit\u00e0 forense.","_seopress_robots_index":"","kk_blocks_editor_width":"","_kiokenblocks_attr":"","_kiokenblocks_dimensions":"","footnotes":""},"class_list":["post-5460","page","type-page","status-publish","hentry"],"_links":{"self":[{"href":"https:\/\/porezno-savjetovanje.tax\/it\/wp-json\/wp\/v2\/pages\/5460","targetHints":{"allow":["GET"]}}],"collection":[{"href":"https:\/\/porezno-savjetovanje.tax\/it\/wp-json\/wp\/v2\/pages"}],"about":[{"href":"https:\/\/porezno-savjetovanje.tax\/it\/wp-json\/wp\/v2\/types\/page"}],"author":[{"embeddable":true,"href":"https:\/\/porezno-savjetovanje.tax\/it\/wp-json\/wp\/v2\/users\/1"}],"replies":[{"embeddable":true,"href":"https:\/\/porezno-savjetovanje.tax\/it\/wp-json\/wp\/v2\/comments?post=5460"}],"version-history":[{"count":3,"href":"https:\/\/porezno-savjetovanje.tax\/it\/wp-json\/wp\/v2\/pages\/5460\/revisions"}],"predecessor-version":[{"id":5610,"href":"https:\/\/porezno-savjetovanje.tax\/it\/wp-json\/wp\/v2\/pages\/5460\/revisions\/5610"}],"wp:attachment":[{"href":"https:\/\/porezno-savjetovanje.tax\/it\/wp-json\/wp\/v2\/media?parent=5460"}],"curies":[{"name":"wp","href":"https:\/\/api.w.org\/{rel}","templated":true}]}}